{"id":29,"date":"2023-01-10T11:31:42","date_gmt":"2023-01-10T10:31:42","guid":{"rendered":"https:\/\/henne-alfeld.de\/about-us\/"},"modified":"2023-01-10T18:23:50","modified_gmt":"2023-01-10T17:23:50","slug":"about-us","status":"publish","type":"page","link":"https:\/\/it-henne.de\/?page_id=29","title":{"rendered":"About Us"},"content":{"rendered":"\t\t<div data-elementor-type=\"wp-page\" data-elementor-id=\"29\" class=\"elementor elementor-29\">\n\t\t\t\t\t\t<section class=\"elementor-section elementor-top-section elementor-element elementor-element-4ae7d36 elementor-section-height-min-height elementor-section-items-stretch elementor-section-content-top elementor-section-full_width elementor-section-height-default\" data-id=\"4ae7d36\" data-element_type=\"section\" data-e-type=\"section\" data-settings=\"{&quot;background_background&quot;:&quot;classic&quot;}\">\n\t\t\t\t\t\t<div class=\"elementor-container elementor-column-gap-no\">\n\t\t\t\t\t<div class=\"elementor-column elementor-col-100 elementor-top-column elementor-element elementor-element-46c9c0e\" data-id=\"46c9c0e\" data-element_type=\"column\" data-e-type=\"column\">\n\t\t\t<div class=\"elementor-widget-wrap elementor-element-populated\">\n\t\t\t\t\t\t<section class=\"elementor-section elementor-inner-section elementor-element elementor-element-5a11edcb elementor-section-boxed elementor-section-height-default elementor-section-height-default\" data-id=\"5a11edcb\" data-element_type=\"section\" data-e-type=\"section\">\n\t\t\t\t\t\t<div class=\"elementor-container elementor-column-gap-no\">\n\t\t\t\t\t<div class=\"elementor-column elementor-col-100 elementor-inner-column elementor-element elementor-element-19ad5643\" data-id=\"19ad5643\" data-element_type=\"column\" data-e-type=\"column\">\n\t\t\t<div class=\"elementor-widget-wrap elementor-element-populated\">\n\t\t\t\t\t\t<div class=\"elementor-element elementor-element-27fe2708 elementor-widget elementor-widget-spacer\" data-id=\"27fe2708\" data-element_type=\"widget\" data-e-type=\"widget\" data-widget_type=\"spacer.default\">\n\t\t\t\t<div class=\"elementor-widget-container\">\n\t\t\t\t\t\t\t<div class=\"elementor-spacer\">\n\t\t\t<div class=\"elementor-spacer-inner\"><\/div>\n\t\t<\/div>\n\t\t\t\t\t\t<\/div>\n\t\t\t\t<\/div>\n\t\t\t\t<div class=\"elementor-element elementor-element-472e5830 elementor-invisible elementor-widget elementor-widget-heading\" data-id=\"472e5830\" data-element_type=\"widget\" data-e-type=\"widget\" data-settings=\"{&quot;_animation&quot;:&quot;fadeIn&quot;}\" data-widget_type=\"heading.default\">\n\t\t\t\t<div class=\"elementor-widget-container\">\n\t\t\t\t\t<h2 class=\"elementor-heading-title elementor-size-small\">\u00dcber mich<\/h2>\t\t\t\t<\/div>\n\t\t\t\t<\/div>\n\t\t\t\t\t<\/div>\n\t\t<\/div>\n\t\t\t\t\t<\/div>\n\t\t<\/section>\n\t\t\t\t<div class=\"elementor-element elementor-element-b439dd5 elementor-widget-divider--view-line elementor-invisible elementor-widget elementor-widget-divider\" data-id=\"b439dd5\" data-element_type=\"widget\" data-e-type=\"widget\" data-settings=\"{&quot;_animation&quot;:&quot;fadeIn&quot;,&quot;_animation_delay&quot;:&quot;200&quot;}\" data-widget_type=\"divider.default\">\n\t\t\t\t<div class=\"elementor-widget-container\">\n\t\t\t\t\t\t\t<div class=\"elementor-divider\">\n\t\t\t<span class=\"elementor-divider-separator\">\n\t\t\t\t\t\t<\/span>\n\t\t<\/div>\n\t\t\t\t\t\t<\/div>\n\t\t\t\t<\/div>\n\t\t\t\t<section class=\"elementor-section elementor-inner-section elementor-element elementor-element-4f55465 elementor-section-boxed elementor-section-height-default elementor-section-height-default\" data-id=\"4f55465\" data-element_type=\"section\" data-e-type=\"section\">\n\t\t\t\t\t\t<div class=\"elementor-container elementor-column-gap-default\">\n\t\t\t\t\t<div class=\"elementor-column elementor-col-50 elementor-inner-column elementor-element elementor-element-8a36cdb\" data-id=\"8a36cdb\" data-element_type=\"column\" data-e-type=\"column\">\n\t\t\t<div class=\"elementor-widget-wrap elementor-element-populated\">\n\t\t\t\t\t\t<div class=\"elementor-element elementor-element-db42032 elementor-widget elementor-widget-image\" data-id=\"db42032\" data-element_type=\"widget\" data-e-type=\"widget\" data-widget_type=\"image.default\">\n\t\t\t\t<div class=\"elementor-widget-container\">\n\t\t\t\t\t\t\t\t\t\t\t\t\t\t\t<img fetchpriority=\"high\" decoding=\"async\" width=\"800\" height=\"882\" src=\"https:\/\/it-henne.de\/wp-content\/uploads\/2023\/01\/Bene-929x1024.jpg\" class=\"attachment-large size-large wp-image-101\" alt=\"\" srcset=\"https:\/\/it-henne.de\/wp-content\/uploads\/2023\/01\/Bene-929x1024.jpg 929w, https:\/\/it-henne.de\/wp-content\/uploads\/2023\/01\/Bene-272x300.jpg 272w, https:\/\/it-henne.de\/wp-content\/uploads\/2023\/01\/Bene-768x846.jpg 768w, https:\/\/it-henne.de\/wp-content\/uploads\/2023\/01\/Bene-1394x1536.jpg 1394w, https:\/\/it-henne.de\/wp-content\/uploads\/2023\/01\/Bene-1858x2048.jpg 1858w\" sizes=\"(max-width: 800px) 100vw, 800px\" \/>\t\t\t\t\t\t\t\t\t\t\t\t\t\t\t<\/div>\n\t\t\t\t<\/div>\n\t\t\t\t\t<\/div>\n\t\t<\/div>\n\t\t\t\t<div class=\"elementor-column elementor-col-50 elementor-inner-column elementor-element elementor-element-49e864d\" data-id=\"49e864d\" data-element_type=\"column\" data-e-type=\"column\">\n\t\t\t<div class=\"elementor-widget-wrap elementor-element-populated\">\n\t\t\t\t\t\t<div class=\"elementor-element elementor-element-e1c2234 elementor-widget elementor-widget-text-editor\" data-id=\"e1c2234\" data-element_type=\"widget\" data-e-type=\"widget\" data-widget_type=\"text-editor.default\">\n\t\t\t\t<div class=\"elementor-widget-container\">\n\t\t\t\t\t\t\t\t\t<ul><li><b>2015<br \/><\/b>Weiterbildung als Medizinprodukteberater<\/li><\/ul><hr \/><ul><li><b>2012<\/b><br \/>T\u00e4tigkeit als selbst\u00e4ndiger IT-Berater<p>Verk\u00e4ufer und IT-Beratung bei der Humanchemie GmbH<\/p><\/li><\/ul><hr \/><ul><li><b>2008<\/b><br \/>Beendung der Ausbildung zum\u00a0Fachinformatiker &#8211; Systemintegration<p>Angestellter als Fachinformatiker &#8211; Systemintegration<\/p><\/li><\/ul><hr \/><ul><li><b>2005<\/b><br \/>Erlangen der Fachhochschulreife<\/li><\/ul><hr \/><ul><li><b>2001<\/b><br \/>Abschluss am Fachgymnasium Wirtschaft<\/li><\/ul>\t\t\t\t\t\t\t\t<\/div>\n\t\t\t\t<\/div>\n\t\t\t\t\t<\/div>\n\t\t<\/div>\n\t\t\t\t\t<\/div>\n\t\t<\/section>\n\t\t\t\t\t<\/div>\n\t\t<\/div>\n\t\t\t\t\t<\/div>\n\t\t<\/section>\n\t\t\t\t<\/div>\n\t\t","protected":false},"excerpt":{"rendered":"<p>\u00dcber mich 2015Weiterbildung als Medizinprodukteberater 2012T\u00e4tigkeit als selbst\u00e4ndiger IT-Berater Verk\u00e4ufer und IT-Beratung bei der Humanchemie GmbH 2008Beendung der Ausbildung zum\u00a0Fachinformatiker &#8211; Systemintegration Angestellter als Fachinformatiker &#8211; Systemintegration 2005Erlangen der Fachhochschulreife 2001Abschluss am Fachgymnasium Wirtschaft<\/p>\n","protected":false},"author":1,"featured_media":0,"parent":0,"menu_order":0,"comment_status":"closed","ping_status":"closed","template":"","meta":{"footnotes":""},"class_list":["post-29","page","type-page","status-publish","hentry"],"_links":{"self":[{"href":"https:\/\/it-henne.de\/index.php?rest_route=\/wp\/v2\/pages\/29","targetHints":{"allow":["GET"]}}],"collection":[{"href":"https:\/\/it-henne.de\/index.php?rest_route=\/wp\/v2\/pages"}],"about":[{"href":"https:\/\/it-henne.de\/index.php?rest_route=\/wp\/v2\/types\/page"}],"author":[{"embeddable":true,"href":"https:\/\/it-henne.de\/index.php?rest_route=\/wp\/v2\/users\/1"}],"replies":[{"embeddable":true,"href":"https:\/\/it-henne.de\/index.php?rest_route=%2Fwp%2Fv2%2Fcomments&post=29"}],"version-history":[{"count":0,"href":"https:\/\/it-henne.de\/index.php?rest_route=\/wp\/v2\/pages\/29\/revisions"}],"wp:attachment":[{"href":"https:\/\/it-henne.de\/index.php?rest_route=%2Fwp%2Fv2%2Fmedia&parent=29"}],"curies":[{"name":"wp","href":"https:\/\/api.w.org\/{rel}","templated":true}]}}